{"id":8,"date":"2014-12-23T21:34:06","date_gmt":"2014-12-23T21:34:06","guid":{"rendered":"http:\/\/liberementi.it\/site\/?page_id=8"},"modified":"2016-06-30T17:16:42","modified_gmt":"2016-06-30T17:16:42","slug":"eventi","status":"publish","type":"page","link":"https:\/\/www.liberementi.it\/site\/idee\/eventi\/","title":{"rendered":"Eventi"},"content":{"rendered":"<p><img loading=\"lazy\" decoding=\"async\" class=\"wp-image-311 size-full alignright\" src=\"http:\/\/liberementi.it\/site\/wp-content\/uploads\/2015\/02\/Banda-lat_Liberementi_2015manoBR-1.png\" alt=\"Banda-lat_Liberementi_2015manoBR\" width=\"218\" height=\"539\" srcset=\"https:\/\/www.liberementi.it\/site\/wp-content\/uploads\/2015\/02\/Banda-lat_Liberementi_2015manoBR-1.png 218w, https:\/\/www.liberementi.it\/site\/wp-content\/uploads\/2015\/02\/Banda-lat_Liberementi_2015manoBR-1-121x300.png 121w\" sizes=\"auto, (max-width: 218px) 100vw, 218px\" \/><\/p>\n<p style=\"text-align: left;\"><strong>Liberementi<\/strong> \u00e8 il partner ideale: progetta, realizza, promuove e valorizza eventi culturali ed artistici in Italia e all&#8217;estero.<br \/>\n<strong>Liberementi<\/strong> \u00e8 in grado di &#8220;<em><strong>creare<\/strong><\/em>&#8221; e &#8220;<em><strong>gestire<\/strong><\/em>&#8221; eventi utilizzando i pi\u00f9 moderni strumenti con il supporto comunicativo e materiale espositivo adatto. A richiesta pu\u00f2 fornire consulenza e preventivi per:<\/p>\n<p style=\"text-align: left;\"><strong>_Gestione ed organizzazione<\/strong> eventi culturali ed artistici;<br \/>\n<span style=\"line-height: 1.5;\">_<strong>Supporto comunicativo<\/strong> e\u00a0<strong>materiale\u00a0espositivo<\/strong>\u00a0per mostre e fiere;<br \/>\n<\/span><span style=\"line-height: 1.5;\">_<strong>Banchetti,\u00a0espositori, rollup<\/strong> e <strong>pettorine<\/strong>;<br \/>\n_Creativit\u00e0 di <strong>brochure<\/strong>, <strong>volantini<\/strong> e <strong>inviti<\/strong>;<br \/>\n<\/span><strong><span style=\"line-height: 1.5;\">_Servizi fotografici<\/span><\/strong>\u00a0per eventi e location;<br \/>\n_Realizzazione\u00a0<strong>filmati commerciali<\/strong>,\u00a0<strong>videoclip,<\/strong><strong>\u00a0documentari, spot e shortmovies<\/strong>;<\/p>\n","protected":false},"excerpt":{"rendered":"<p>Liberementi \u00e8 il partner ideale: progetta, realizza, promuove e valorizza eventi culturali ed artistici in Italia e all&#8217;estero. Liberementi \u00e8 in grado di &#8220;creare&#8221; e &#8220;gestire&#8221; eventi utilizzando i pi\u00f9 moderni strumenti con il supporto comunicativo e materiale espositivo adatto. A richiesta pu\u00f2 fornire consulenza e preventivi per: _Gestione ed organizzazione eventi culturali ed artistici;&hellip;&nbsp;<a href=\"https:\/\/www.liberementi.it\/site\/idee\/eventi\/\" class=\"\" rel=\"bookmark\">Leggi tutto &raquo;<span class=\"screen-reader-text\">Eventi<\/span><\/a><\/p>\n","protected":false},"author":1,"featured_media":0,"parent":117,"menu_order":6,"comment_status":"closed","ping_status":"closed","template":"","meta":{"neve_meta_sidebar":"","neve_meta_container":"","neve_meta_enable_content_width":"","neve_meta_content_width":0,"neve_meta_title_alignment":"","neve_meta_author_avatar":"","neve_post_elements_order":"","neve_meta_disable_header":"","neve_meta_disable_footer":"","neve_meta_disable_title":"","footnotes":""},"class_list":["post-8","page","type-page","status-publish","hentry"],"_links":{"self":[{"href":"https:\/\/www.liberementi.it\/site\/wp-json\/wp\/v2\/pages\/8","targetHints":{"allow":["GET"]}}],"collection":[{"href":"https:\/\/www.liberementi.it\/site\/wp-json\/wp\/v2\/pages"}],"about":[{"href":"https:\/\/www.liberementi.it\/site\/wp-json\/wp\/v2\/types\/page"}],"author":[{"embeddable":true,"href":"https:\/\/www.liberementi.it\/site\/wp-json\/wp\/v2\/users\/1"}],"replies":[{"embeddable":true,"href":"https:\/\/www.liberementi.it\/site\/wp-json\/wp\/v2\/comments?post=8"}],"version-history":[{"count":0,"href":"https:\/\/www.liberementi.it\/site\/wp-json\/wp\/v2\/pages\/8\/revisions"}],"up":[{"embeddable":true,"href":"https:\/\/www.liberementi.it\/site\/wp-json\/wp\/v2\/pages\/117"}],"wp:attachment":[{"href":"https:\/\/www.liberementi.it\/site\/wp-json\/wp\/v2\/media?parent=8"}],"curies":[{"name":"wp","href":"https:\/\/api.w.org\/{rel}","templated":true}]}}